{"id":65,"date":"2014-05-13T13:16:22","date_gmt":"2014-05-13T11:16:22","guid":{"rendered":"http:\/\/wp1.plusundplus.ch\/?page_id=65"},"modified":"2024-08-30T13:45:44","modified_gmt":"2024-08-30T11:45:44","slug":"startseite","status":"publish","type":"page","link":"https:\/\/urshauri.ch\/la-table-bern\/","title":{"rendered":"Home"},"content":{"rendered":"<div class=\"soliloquy-outer-container\" data-soliloquy-loaded=\"0\"><div aria-live=\"polite\" id=\"soliloquy-container-67_1\" class=\"soliloquy-container soliloquy-transition-fade soliloquy-fade soliloquy-arrows-active  soliloquy-theme-classic no-js\" style=\"max-width:960px;margin:0 auto 10px;\"><ul id=\"soliloquy-67_1\" class=\"soliloquy-slider soliloquy-slides soliloquy-wrap soliloquy-clear\"><li aria-hidden=\"true\" class=\"soliloquy-item soliloquy-item-1 soliloquy-id-2813 soliloquy-image-slide\" draggable=\"false\" style=\"list-style:none;\"><img decoding=\"async\" id=\"soliloquy-image-2813\" class=\"soliloquy-image soliloquy-image-1\" src=\"https:\/\/urshauri.ch\/wordpress\/wp-content\/uploads\/2014\/05\/header-bilder-home.jpg\" alt=\"header-bilder-home\" data-soliloquy-src-mobile=\"https:\/\/urshauri.ch\/wordpress\/wp-content\/uploads\/2014\/05\/header-bilder-home-600x200_c.jpg\" loading=\"lazy\" \/><\/li><li aria-hidden=\"true\" class=\"soliloquy-item soliloquy-item-2 soliloquy-id-2463 soliloquy-image-slide\" draggable=\"false\" style=\"list-style:none;\"><img decoding=\"async\" id=\"soliloquy-image-2463\" class=\"soliloquy-image soliloquy-image-2 soliloquy-preload\" src=\"https:\/\/urshauri.ch\/wordpress\/wp-content\/plugins\/soliloquy\/assets\/css\/images\/holder.gif\" data-soliloquy-src=\"https:\/\/urshauri.ch\/wordpress\/wp-content\/uploads\/2014\/05\/fleisch-2-960x300_c.jpg\" alt=\"fleisch 2\" data-soliloquy-src-mobile=\"https:\/\/urshauri.ch\/wordpress\/wp-content\/uploads\/2014\/05\/fleisch-2-600x200_c.jpg\" loading=\"lazy\" \/><\/li><li aria-hidden=\"true\" class=\"soliloquy-item soliloquy-item-3 soliloquy-id-2417 soliloquy-image-slide\" draggable=\"false\" style=\"list-style:none;\"><img decoding=\"async\" id=\"soliloquy-image-2417\" class=\"soliloquy-image soliloquy-image-3 soliloquy-preload\" src=\"https:\/\/urshauri.ch\/wordpress\/wp-content\/plugins\/soliloquy\/assets\/css\/images\/holder.gif\" data-soliloquy-src=\"https:\/\/urshauri.ch\/wordpress\/wp-content\/uploads\/2020\/10\/zander-1-960x300_c.jpg\" alt=\"zander-1\" data-soliloquy-src-mobile=\"https:\/\/urshauri.ch\/wordpress\/wp-content\/uploads\/2020\/10\/zander-1-600x200_c.jpg\" loading=\"lazy\" \/><\/li><li aria-hidden=\"true\" class=\"soliloquy-item soliloquy-item-4 soliloquy-id-1533 soliloquy-image-slide\" draggable=\"false\" style=\"list-style:none;\"><img decoding=\"async\" id=\"soliloquy-image-1533\" class=\"soliloquy-image soliloquy-image-4 soliloquy-preload\" src=\"https:\/\/urshauri.ch\/wordpress\/wp-content\/plugins\/soliloquy\/assets\/css\/images\/holder.gif\" data-soliloquy-src=\"https:\/\/urshauri.ch\/wordpress\/wp-content\/uploads\/2014\/05\/urs_hauri_bern_07-960x300_c.jpg\" alt=\"urs_hauri_bern_07\" data-soliloquy-src-mobile=\"https:\/\/urshauri.ch\/wordpress\/wp-content\/uploads\/2014\/05\/urs_hauri_bern_07-600x200_c.jpg\" loading=\"lazy\" \/><\/li><li aria-hidden=\"true\" class=\"soliloquy-item soliloquy-item-5 soliloquy-id-1534 soliloquy-image-slide\" draggable=\"false\" style=\"list-style:none;\"><img decoding=\"async\" id=\"soliloquy-image-1534\" class=\"soliloquy-image soliloquy-image-5 soliloquy-preload\" src=\"https:\/\/urshauri.ch\/wordpress\/wp-content\/plugins\/soliloquy\/assets\/css\/images\/holder.gif\" data-soliloquy-src=\"https:\/\/urshauri.ch\/wordpress\/wp-content\/uploads\/2014\/05\/urs_hauri_bern_09-960x300_c.jpg\" alt=\"urs_hauri_bern_09\" data-soliloquy-src-mobile=\"https:\/\/urshauri.ch\/wordpress\/wp-content\/uploads\/2014\/05\/urs_hauri_bern_09-600x200_c.jpg\" loading=\"lazy\" \/><\/li><li aria-hidden=\"true\" class=\"soliloquy-item soliloquy-item-6 soliloquy-id-69 soliloquy-image-slide\" draggable=\"false\" style=\"list-style:none;\"><a href=\"\/shop\" class=\"soliloquy-link\" title=\"\u00dcber 350 ausgesuchte Whiskys aus Schottland , Irland USA und der Schweiz\"><img decoding=\"async\" id=\"soliloquy-image-69\" class=\"soliloquy-image soliloquy-image-6 soliloquy-preload\" src=\"https:\/\/urshauri.ch\/wordpress\/wp-content\/plugins\/soliloquy\/assets\/css\/images\/holder.gif\" data-soliloquy-src=\"https:\/\/urshauri.ch\/wordpress\/wp-content\/uploads\/2014\/05\/lokal-hinten-2-960x300_c.jpg\" alt=\"\u00dcber 350 ausgesuchte Whiskys aus Schottland , Irland USA und der Schweiz\" data-soliloquy-src-mobile=\"https:\/\/urshauri.ch\/wordpress\/wp-content\/uploads\/2014\/05\/lokal-hinten-2-600x200_c.jpg\" loading=\"lazy\" \/><\/a><div class=\"soliloquy-caption soliloquy-caption-bottom\"><div class=\"soliloquy-caption-inside\">\u00dcber 350 ausgesuchte Whiskys aus Schottland , Irland USA und der Schweiz<\/div><\/div><\/li><li aria-hidden=\"true\" class=\"soliloquy-item soliloquy-item-7 soliloquy-id-1535 soliloquy-image-slide\" draggable=\"false\" style=\"list-style:none;\"><img decoding=\"async\" id=\"soliloquy-image-1535\" class=\"soliloquy-image soliloquy-image-7 soliloquy-preload\" src=\"https:\/\/urshauri.ch\/wordpress\/wp-content\/plugins\/soliloquy\/assets\/css\/images\/holder.gif\" data-soliloquy-src=\"https:\/\/urshauri.ch\/wordpress\/wp-content\/uploads\/2014\/05\/urs_hauri_bern_11-960x300_c.jpg\" alt=\"urs_hauri_bern_11\" data-soliloquy-src-mobile=\"https:\/\/urshauri.ch\/wordpress\/wp-content\/uploads\/2014\/05\/urs_hauri_bern_11-600x200_c.jpg\" loading=\"lazy\" \/><\/li><\/ul><\/div><noscript><div class=\"soliloquy-no-js\" style=\"display:none;visibility:hidden;height:0;line-height:0;opacity:0;\"><img decoding=\"async\" class=\"soliloquy-image soliloquy-no-js-image skip-lazy\" src=\"https:\/\/urshauri.ch\/wordpress\/wp-content\/uploads\/2014\/05\/header-bilder-home.jpg\" alt=\"header-bilder-home\" \/><img decoding=\"async\" class=\"soliloquy-image soliloquy-no-js-image skip-lazy\" src=\"https:\/\/urshauri.ch\/wordpress\/wp-content\/uploads\/2014\/05\/fleisch-2.jpg\" alt=\"fleisch 2\" \/><img decoding=\"async\" class=\"soliloquy-image soliloquy-no-js-image skip-lazy\" src=\"https:\/\/urshauri.ch\/wordpress\/wp-content\/uploads\/2020\/10\/zander-1.jpg\" alt=\"zander-1\" \/><img decoding=\"async\" class=\"soliloquy-image soliloquy-no-js-image skip-lazy\" src=\"https:\/\/urshauri.ch\/wordpress\/wp-content\/uploads\/2014\/05\/urs_hauri_bern_07.jpg\" alt=\"urs_hauri_bern_07\" \/><img decoding=\"async\" class=\"soliloquy-image soliloquy-no-js-image skip-lazy\" src=\"https:\/\/urshauri.ch\/wordpress\/wp-content\/uploads\/2014\/05\/urs_hauri_bern_09.jpg\" alt=\"urs_hauri_bern_09\" \/><img decoding=\"async\" class=\"soliloquy-image soliloquy-no-js-image skip-lazy\" src=\"https:\/\/urshauri.ch\/wordpress\/wp-content\/uploads\/2014\/05\/lokal-hinten-2.jpg\" alt=\"\u00dcber 350 ausgesuchte Whiskys aus Schottland , Irland USA und der Schweiz\" \/><img decoding=\"async\" class=\"soliloquy-image soliloquy-no-js-image skip-lazy\" src=\"https:\/\/urshauri.ch\/wordpress\/wp-content\/uploads\/2014\/05\/urs_hauri_bern_11.jpg\" alt=\"urs_hauri_bern_11\" \/><\/div><\/noscript><\/div>\n<div class='two_third'>\n\t\t\t\t\t<div class=\"titelzeile\">\n<h1>Willkommen bei Urs Hauri!<\/h1>\n<\/div>\n<div class=\"titelzeile\"><\/div>\n<div class=\"titelzeile\">\n<div>Von <strong>Dienstag bis Freitag<\/strong> gibt es bei uns den Genuss-Lunch Mit einem 3 Gang Menu.<\/div>\n<div>(K\u00e4se und Dessert auf Wunsch).<\/div>\n<p><img loading=\"lazy\" decoding=\"async\" class=\"alignnone wp-image-2662 size-full\" src=\"http:\/\/urshauri.ch\/la-table-bern\/wp-content\/uploads\/2021\/06\/homepage-wir-sind-da-1.png\" alt=\"\" width=\"587\" height=\"582\" srcset=\"https:\/\/urshauri.ch\/wordpress\/wp-content\/uploads\/2021\/06\/homepage-wir-sind-da-1.png 587w, https:\/\/urshauri.ch\/wordpress\/wp-content\/uploads\/2021\/06\/homepage-wir-sind-da-1-150x150.png 150w, https:\/\/urshauri.ch\/wordpress\/wp-content\/uploads\/2021\/06\/homepage-wir-sind-da-1-300x297.png 300w\" sizes=\"auto, (max-width: 587px) 100vw, 587px\" \/><\/p>\n<div class=\"ytcontainer\">Von <strong>Donnerstag bis Samstag<\/strong> verw\u00f6hnen wir unsere G\u00e4ste auch am Abend. Es gibt ein saisonales Menu f\u00fcr 93 CHF bestehend aus Amuse-Bouche, Vorspeise, Fisch oder Suppe, Hauptgang, Dessert. Gerne nehmen wir Ihre Reserveration entgegen.<\/div>\n<div><\/div>\n<div class=\"ytcontainer\">Entweder Telefonisch unter \u00a0031\u00a0311\u00a014\u00a013\u00a0 oder per E-Mail an <a href=\"mailto:info@urshauri.ch\">info@urshauri.ch<\/a><\/div>\n<div><\/div>\n<div class=\"ytcontainer\"><strong>LA TABLE DE URS HAURI, <\/strong>Zeughausgasse 19, 3011 Bern<\/div>\n<\/div>\n<div><\/div>\n<div class=\"titelzeile\">\n<div class=\"ytcontainer\">Wir freuen uns auf Ihren Besuch in unserem Restaurant. Wir haben viele neue Rezepte entwickelt und freuen uns sehr, diese f\u00fcr Sie zu kochen.<\/div>\n<p>Folgendes Angebot wartet auf Sie in <strong>Bern<\/strong>:<\/p>\n<table cellpadding=\"5px\">\n<tbody>\n<tr>\n<td valign=\"top\"><strong>Mittag:<\/strong><\/td>\n<td><strong>Businesslunch von Dienstag bis Freitag<\/strong>3-G\u00e4nge, die Sie beliebig erweitern k\u00f6nnen.<\/td>\n<\/tr>\n<tr>\n<td valign=\"top\"><strong>Abend:<\/strong><\/td>\n<td><strong>Diner von Donnerstag bis Samstag<\/strong>4 Gang \u00dcberraschungsmenu f\u00fcr 93 CHF p.P.<\/td>\n<\/tr>\n<\/tbody>\n<\/table>\n<p>Die Preise k\u00f6nnen je nach Angebot variieren und sind exklusiv Getr\u00e4nke.<\/p>\n<h2><a href=\"http:\/\/urshauri.ch\/la-table-bern\/wp-content\/uploads\/2020\/05\/neue-infos-corona.pdf\" target=\"_blank\" rel=\"noopener\">Weitere Infos<\/a><\/h2>\n<p>Ob f\u00fcr Bankette, Catering, einen angenehmen Businesslunch, Whisky und Spirituosen, oder einen unterhaltsamen Kochkurs als Team-Anlass: besonderen Wert legen wir auf frische, regionale Produkte. F\u00fcr unseren Business-Lunch und andere Events verwenden wir nur marktfrische, leichte Gem\u00fcse und Speisen.<\/p>\n<blockquote><p>Unser t\u00e4gliches Ziel liegt darin, die Saisonalen Themen zu einem genussvollen Erlebnis f\u00fcr Sie und Ihre G\u00e4ste zusammenzustellen. Unsere Kreationen werden von ausgesuchten Weinen begleitet und nach Wunsch mit einer unserer Whisky-Rarit\u00e4ten abgerundet.<\/p>\n<p>Freuen Sie sich auf das aussergew\u00f6hnlich einfache Ambiente mit famili\u00e4rer Gastfreundschaft und der n\u00f6tigen Diskretion f\u00fcr Sie und Ihre Begleitung.<\/p><\/blockquote>\n<p>Das nennen wir\u00a0exklusives Gaumenvergn\u00fcgen in Bern.<\/p>\n<p>Urs Hauri und sein Team bitten zu Tisch und freuen sich auf Ihren Besuch!<\/p>\n<\/div>\n\t\t\t\t<\/div>\n<div class='one_third et_column_last'>\n\t\t\t\t\t<div class='et-box et-shadow'>\n\t\t\t\t\t<div class='et-box-content'><img loading=\"lazy\" decoding=\"async\" class=\"alignnone wp-image-2662 size-full\" src=\"http:\/\/urshauri.ch\/la-table-bern\/wp-content\/uploads\/2022\/03\/urs-hauri-weine-herbst-unter-25-chf-2.png\" alt=\"\" width=\"587\" height=\"582\" \/><\/p>\n<h4 style=\"color: #9f2348 !important; font-weight: bold; margin-bottom: 15px;\">Urs Hauris Lieblingsweine<\/h4>\n<p><a class=\"button-wine\" href=\"https:\/\/shop.urshauri.ch\/\" target=\"_blank\" rel=\"noopener\">Zum Weinshop<\/a><\/p><\/div><\/div>\n<div class='et-box et-shadow'>\n\t\t\t\t\t<div class='et-box-content'><h3>\u00d6ffnungszeiten<\/h3>\n<h5><a title=\"Zum Whisky- Wein- und Spirituosenshop\" href=\"\/shop\">Whisky, Wein &amp; Spirituosen<\/a><\/h5>\n<p>Di-Fr: 09:00 \u2013 18:30 Uhr<\/p>\n<p>Da wir nicht immer vor Ort sind, empfehlen wir anzurufen 031\u00a0311\u00a014\u00a013\u00a0 oder per Mail anzumelden<a href=\"mailto:info@urshauri.ch\"> info@urshauri.ch<\/a><strong>\n<\/strong><\/p>\n<h5><a title=\"Zum Businesslunch\" href=\"\/essen\/businesslunch\/\">Businesslunch<\/a><\/h5>\n<p>Di-Fr: 11:30 \u2013 15:30 Uhr<\/p>\n<h5><a title=\"Zum Businesslunch\" href=\"https:\/\/urshauri.ch\/la-table-bern\/project\/dinieren-bei-la-table-de-urs-hauri\/\">Abendessen<\/a><\/h5>\n<div>Do-Sa: Ab 18:00 Uhr<\/div><\/div><\/div>\n\t\t\t\t<\/div><div class='clear'><\/div>\n<div class='et-box et-shadow'>\n\t\t\t\t\t<div class='et-box-content'><h1>Entdecken Sie unsere Vielfalt<\/h1>\n<p>Aus allen Bereichen finden Sie hier die aktuellsten Beitr\u00e4ge. F\u00fcr mehr Details klicken Sie bitte auf das Vorschau-Bild.<\/div><\/div>\n<div id=\"team\" class=\"et-box-content\">\n<h1>Das Team von La Table De Urs Hauri<\/h1>\n<div class=\"team-col\">\n<div class=\"team-img\"><img decoding=\"async\" title=\"Urs Hauri\" src=\"http:\/\/urshauri.ch\/la-table-bern\/wp-content\/uploads\/2018\/01\/urs_hauri_portrait_bern.jpg\" alt=\"Urs Hauri\" \/><\/div>\n<div class=\"team-text\">\n<p>Urs Hauri<\/p>\n<p>Inhaber<\/p>\n<\/div>\n<\/div>\n<div class=\"team-col\">\n<div class=\"team-img\"><img decoding=\"async\" title=\"Trix Eichenberger\" src=\"http:\/\/urshauri.ch\/la-table-bern\/wp-content\/uploads\/2018\/01\/trix_eichenberger_portrait_bern.jpg\" alt=\"Trix Eichenberger\" \/><\/div>\n<div class=\"team-text\">\n<p>Trix Eichenberger<\/p>\n<p>Mitinhaberin<\/p>\n<\/div>\n<\/div>\n<div class=\"team-col\">\n<div class=\"team-img\"><img decoding=\"async\" title=\"Manuel Wahlter\" src=\"http:\/\/urshauri.ch\/la-table-bern\/wp-content\/uploads\/2018\/01\/manuel_walther_portrait_bern.jpg\" alt=\"Manuel Wahlter\" \/><\/div>\n<div class=\"team-text\">\n<p>Manuel Walther<\/p>\n<p>Stv. Gesch\u00e4ftsf\u00fchrer &amp; K\u00fcchenchef<\/p>\n<\/div>\n<\/div>\n<div class=\"team-col\">\n<div class=\"team-img\"><img decoding=\"async\" title=\"Marlise M\u00fchlematter\" src=\"http:\/\/urshauri.ch\/la-table-bern\/wp-content\/uploads\/2018\/01\/marlise_muehlematter_portrait_bern.jpg\" alt=\"Marlise M\u00fchlematter\" \/><\/div>\n<div class=\"team-text\">\n<p>Marlise M\u00fchlematter<\/p>\n<p>Chef de S\u00e9rvice<\/p>\n<\/div>\n<\/div>\n<\/div>\n","protected":false},"excerpt":{"rendered":"<p>Das Team von La Table De Urs Hauri Urs Hauri Inhaber Trix Eichenberger Mitinhaberin Manuel Walther Stv. Gesch\u00e4ftsf\u00fchrer &amp; K\u00fcchenchef Marlise M\u00fchlematter Chef de S\u00e9rvice<\/p>\n","protected":false},"author":1,"featured_media":0,"parent":0,"menu_order":0,"comment_status":"closed","ping_status":"open","template":"template-page-projects.php","meta":{"footnotes":""},"class_list":["post-65","page","type-page","status-publish","hentry"],"_links":{"self":[{"href":"https:\/\/urshauri.ch\/la-table-bern\/wp-json\/wp\/v2\/pages\/65","targetHints":{"allow":["GET"]}}],"collection":[{"href":"https:\/\/urshauri.ch\/la-table-bern\/wp-json\/wp\/v2\/pages"}],"about":[{"href":"https:\/\/urshauri.ch\/la-table-bern\/wp-json\/wp\/v2\/types\/page"}],"author":[{"embeddable":true,"href":"https:\/\/urshauri.ch\/la-table-bern\/wp-json\/wp\/v2\/users\/1"}],"replies":[{"embeddable":true,"href":"https:\/\/urshauri.ch\/la-table-bern\/wp-json\/wp\/v2\/comments?post=65"}],"version-history":[{"count":252,"href":"https:\/\/urshauri.ch\/la-table-bern\/wp-json\/wp\/v2\/pages\/65\/revisions"}],"predecessor-version":[{"id":3133,"href":"https:\/\/urshauri.ch\/la-table-bern\/wp-json\/wp\/v2\/pages\/65\/revisions\/3133"}],"wp:attachment":[{"href":"https:\/\/urshauri.ch\/la-table-bern\/wp-json\/wp\/v2\/media?parent=65"}],"curies":[{"name":"wp","href":"https:\/\/api.w.org\/{rel}","templated":true}]}}