{"id":21,"date":"2014-05-13T10:24:48","date_gmt":"2014-05-13T08:24:48","guid":{"rendered":"http:\/\/wp1.plusundplus.ch\/?page_id=21"},"modified":"2026-03-16T11:56:32","modified_gmt":"2026-03-16T10:56:32","slug":"shop","status":"publish","type":"page","link":"https:\/\/urshauri.ch\/la-table-bern\/shop\/","title":{"rendered":"Shop"},"content":{"rendered":"<div class=\"soliloquy-outer-container\" data-soliloquy-loaded=\"0\"><div aria-live=\"polite\" id=\"soliloquy-container-72_1\" class=\"soliloquy-container soliloquy-transition-fade soliloquy-fade soliloquy-controls-active soliloquy-arrows-active  soliloquy-theme-classic no-js\" style=\"max-width:960px;margin:0 auto 20px;\"><ul id=\"soliloquy-72_1\" class=\"soliloquy-slider soliloquy-slides soliloquy-wrap soliloquy-clear\"><li aria-hidden=\"true\" class=\"soliloquy-item soliloquy-item-1 soliloquy-id-1518 soliloquy-image-slide\" draggable=\"false\" style=\"list-style:none;\"><img decoding=\"async\" id=\"soliloquy-image-1518\" class=\"soliloquy-image soliloquy-image-1\" src=\"https:\/\/urshauri.ch\/wordpress\/wp-content\/uploads\/2014\/05\/urs_hauri_bern_22-960x300_c.jpg\" alt=\"urs_hauri_bern_22\" data-soliloquy-src-mobile=\"https:\/\/urshauri.ch\/wordpress\/wp-content\/uploads\/2014\/05\/urs_hauri_bern_22-600x200_c.jpg\" loading=\"lazy\" \/><\/li><li aria-hidden=\"true\" class=\"soliloquy-item soliloquy-item-2 soliloquy-id-73 soliloquy-image-slide\" draggable=\"false\" style=\"list-style:none;\"><img decoding=\"async\" id=\"soliloquy-image-73\" class=\"soliloquy-image soliloquy-image-2 soliloquy-preload\" src=\"https:\/\/urshauri.ch\/wordpress\/wp-content\/plugins\/soliloquy\/assets\/css\/images\/holder.gif\" data-soliloquy-src=\"https:\/\/urshauri.ch\/wordpress\/wp-content\/uploads\/2014\/05\/2014-03-25-21.22.041-960x300_c.png\" alt=\"2014-03-25 21.22.04\" data-soliloquy-src-mobile=\"https:\/\/urshauri.ch\/wordpress\/wp-content\/uploads\/2014\/05\/2014-03-25-21.22.041-600x200_c.png\" loading=\"lazy\" \/><\/li><li aria-hidden=\"true\" class=\"soliloquy-item soliloquy-item-3 soliloquy-id-101 soliloquy-image-slide\" draggable=\"false\" style=\"list-style:none;\"><img decoding=\"async\" id=\"soliloquy-image-101\" class=\"soliloquy-image soliloquy-image-3 soliloquy-preload\" src=\"https:\/\/urshauri.ch\/wordpress\/wp-content\/plugins\/soliloquy\/assets\/css\/images\/holder.gif\" data-soliloquy-src=\"https:\/\/urshauri.ch\/wordpress\/wp-content\/uploads\/2014\/05\/springbank-f\u00e4sser-det-960x300_c.jpg\" alt=\"springbank f\u00e4sser det\" data-soliloquy-src-mobile=\"https:\/\/urshauri.ch\/wordpress\/wp-content\/uploads\/2014\/05\/springbank-f\u00e4sser-det-600x200_c.jpg\" loading=\"lazy\" \/><\/li><li aria-hidden=\"true\" class=\"soliloquy-item soliloquy-item-4 soliloquy-id-74 soliloquy-image-slide\" draggable=\"false\" style=\"list-style:none;\"><img decoding=\"async\" id=\"soliloquy-image-74\" class=\"soliloquy-image soliloquy-image-4 soliloquy-preload\" src=\"https:\/\/urshauri.ch\/wordpress\/wp-content\/plugins\/soliloquy\/assets\/css\/images\/holder.gif\" data-soliloquy-src=\"https:\/\/urshauri.ch\/wordpress\/wp-content\/uploads\/2014\/05\/2014-03-25-21.54.43-960x300_c.png\" alt=\"2014-03-25 21.54.43\" data-soliloquy-src-mobile=\"https:\/\/urshauri.ch\/wordpress\/wp-content\/uploads\/2014\/05\/2014-03-25-21.54.43-600x200_c.png\" loading=\"lazy\" \/><\/li><li aria-hidden=\"true\" class=\"soliloquy-item soliloquy-item-5 soliloquy-id-1516 soliloquy-image-slide\" draggable=\"false\" style=\"list-style:none;\"><img decoding=\"async\" id=\"soliloquy-image-1516\" class=\"soliloquy-image soliloquy-image-5 soliloquy-preload\" src=\"https:\/\/urshauri.ch\/wordpress\/wp-content\/plugins\/soliloquy\/assets\/css\/images\/holder.gif\" data-soliloquy-src=\"https:\/\/urshauri.ch\/wordpress\/wp-content\/uploads\/2014\/05\/urs_hauri_bern_15-960x300_c.jpg\" alt=\"urs_hauri_bern_15\" data-soliloquy-src-mobile=\"https:\/\/urshauri.ch\/wordpress\/wp-content\/uploads\/2014\/05\/urs_hauri_bern_15-600x200_c.jpg\" loading=\"lazy\" \/><\/li><li aria-hidden=\"true\" class=\"soliloquy-item soliloquy-item-6 soliloquy-id-102 soliloquy-image-slide\" draggable=\"false\" style=\"list-style:none;\"><img decoding=\"async\" id=\"soliloquy-image-102\" class=\"soliloquy-image soliloquy-image-6 soliloquy-preload\" src=\"https:\/\/urshauri.ch\/wordpress\/wp-content\/plugins\/soliloquy\/assets\/css\/images\/holder.gif\" data-soliloquy-src=\"https:\/\/urshauri.ch\/wordpress\/wp-content\/uploads\/2014\/05\/springbank-spirt-still-960x300_c.jpg\" alt=\"springbank spirt still\" data-soliloquy-src-mobile=\"https:\/\/urshauri.ch\/wordpress\/wp-content\/uploads\/2014\/05\/springbank-spirt-still-600x200_c.jpg\" loading=\"lazy\" \/><\/li><li aria-hidden=\"true\" class=\"soliloquy-item soliloquy-item-7 soliloquy-id-75 soliloquy-image-slide\" draggable=\"false\" style=\"list-style:none;\"><img decoding=\"async\" id=\"soliloquy-image-75\" class=\"soliloquy-image soliloquy-image-7 soliloquy-preload\" src=\"https:\/\/urshauri.ch\/wordpress\/wp-content\/plugins\/soliloquy\/assets\/css\/images\/holder.gif\" data-soliloquy-src=\"https:\/\/urshauri.ch\/wordpress\/wp-content\/uploads\/2014\/05\/captured_by_snapseed_2_1-960x300_c.jpg\" alt=\"captured_by_snapseed_2_1\" data-soliloquy-src-mobile=\"https:\/\/urshauri.ch\/wordpress\/wp-content\/uploads\/2014\/05\/captured_by_snapseed_2_1-600x200_c.jpg\" loading=\"lazy\" \/><\/li><li aria-hidden=\"true\" class=\"soliloquy-item soliloquy-item-8 soliloquy-id-1517 soliloquy-image-slide\" draggable=\"false\" style=\"list-style:none;\"><img decoding=\"async\" id=\"soliloquy-image-1517\" class=\"soliloquy-image soliloquy-image-8 soliloquy-preload\" src=\"https:\/\/urshauri.ch\/wordpress\/wp-content\/plugins\/soliloquy\/assets\/css\/images\/holder.gif\" data-soliloquy-src=\"https:\/\/urshauri.ch\/wordpress\/wp-content\/uploads\/2014\/05\/urs_hauri_bern_20-960x300_c.jpg\" alt=\"urs_hauri_bern_20\" data-soliloquy-src-mobile=\"https:\/\/urshauri.ch\/wordpress\/wp-content\/uploads\/2014\/05\/urs_hauri_bern_20-600x200_c.jpg\" loading=\"lazy\" \/><\/li><li aria-hidden=\"true\" class=\"soliloquy-item soliloquy-item-9 soliloquy-id-2449 soliloquy-image-slide\" draggable=\"false\" style=\"list-style:none;\"><img decoding=\"async\" id=\"soliloquy-image-2449\" class=\"soliloquy-image soliloquy-image-9 soliloquy-preload\" src=\"https:\/\/urshauri.ch\/wordpress\/wp-content\/plugins\/soliloquy\/assets\/css\/images\/holder.gif\" data-soliloquy-src=\"https:\/\/urshauri.ch\/wordpress\/wp-content\/uploads\/2014\/05\/Twcc-fass-6-1-von-1-960x300_c.jpg\" alt=\"Twcc fass 6 (1 von 1)\" data-soliloquy-src-mobile=\"https:\/\/urshauri.ch\/wordpress\/wp-content\/uploads\/2014\/05\/Twcc-fass-6-1-von-1-600x200_c.jpg\" loading=\"lazy\" \/><\/li><li aria-hidden=\"true\" class=\"soliloquy-item soliloquy-item-10 soliloquy-id-2450 soliloquy-image-slide\" draggable=\"false\" style=\"list-style:none;\"><img decoding=\"async\" id=\"soliloquy-image-2450\" class=\"soliloquy-image soliloquy-image-10 soliloquy-preload\" src=\"https:\/\/urshauri.ch\/wordpress\/wp-content\/plugins\/soliloquy\/assets\/css\/images\/holder.gif\" data-soliloquy-src=\"https:\/\/urshauri.ch\/wordpress\/wp-content\/uploads\/2014\/05\/Twcc-fass-8-1-von-1-960x300_c.jpg\" alt=\"Twcc fass 8 (1 von 1)\" data-soliloquy-src-mobile=\"https:\/\/urshauri.ch\/wordpress\/wp-content\/uploads\/2014\/05\/Twcc-fass-8-1-von-1-600x200_c.jpg\" loading=\"lazy\" \/><\/li><\/ul><\/div><noscript><div class=\"soliloquy-no-js\" style=\"display:none;visibility:hidden;height:0;line-height:0;opacity:0;\"><img decoding=\"async\" class=\"soliloquy-image soliloquy-no-js-image skip-lazy\" src=\"https:\/\/urshauri.ch\/wordpress\/wp-content\/uploads\/2014\/05\/urs_hauri_bern_22.jpg\" alt=\"urs_hauri_bern_22\" \/><img decoding=\"async\" class=\"soliloquy-image soliloquy-no-js-image skip-lazy\" src=\"https:\/\/urshauri.ch\/wordpress\/wp-content\/uploads\/2014\/05\/2014-03-25-21.22.041.png\" alt=\"2014-03-25 21.22.04\" \/><img decoding=\"async\" class=\"soliloquy-image soliloquy-no-js-image skip-lazy\" src=\"https:\/\/urshauri.ch\/wordpress\/wp-content\/uploads\/2014\/05\/springbank-f\u00e4sser-det.jpg\" alt=\"springbank f\u00e4sser det\" \/><img decoding=\"async\" class=\"soliloquy-image soliloquy-no-js-image skip-lazy\" src=\"https:\/\/urshauri.ch\/wordpress\/wp-content\/uploads\/2014\/05\/2014-03-25-21.54.43.png\" alt=\"2014-03-25 21.54.43\" \/><img decoding=\"async\" class=\"soliloquy-image soliloquy-no-js-image skip-lazy\" src=\"https:\/\/urshauri.ch\/wordpress\/wp-content\/uploads\/2014\/05\/urs_hauri_bern_15.jpg\" alt=\"urs_hauri_bern_15\" \/><img decoding=\"async\" class=\"soliloquy-image soliloquy-no-js-image skip-lazy\" src=\"https:\/\/urshauri.ch\/wordpress\/wp-content\/uploads\/2014\/05\/springbank-spirt-still.jpg\" alt=\"springbank spirt still\" \/><img decoding=\"async\" class=\"soliloquy-image soliloquy-no-js-image skip-lazy\" src=\"https:\/\/urshauri.ch\/wordpress\/wp-content\/uploads\/2014\/05\/captured_by_snapseed_2_1.jpg\" alt=\"captured_by_snapseed_2_1\" \/><img decoding=\"async\" class=\"soliloquy-image soliloquy-no-js-image skip-lazy\" src=\"https:\/\/urshauri.ch\/wordpress\/wp-content\/uploads\/2014\/05\/urs_hauri_bern_20.jpg\" alt=\"urs_hauri_bern_20\" \/><img decoding=\"async\" class=\"soliloquy-image soliloquy-no-js-image skip-lazy\" src=\"https:\/\/urshauri.ch\/wordpress\/wp-content\/uploads\/2014\/05\/Twcc-fass-6-1-von-1.jpg\" alt=\"Twcc fass 6 (1 von 1)\" \/><img decoding=\"async\" class=\"soliloquy-image soliloquy-no-js-image skip-lazy\" src=\"https:\/\/urshauri.ch\/wordpress\/wp-content\/uploads\/2014\/05\/Twcc-fass-8-1-von-1.jpg\" alt=\"Twcc fass 8 (1 von 1)\" \/><\/div><\/noscript><\/div>\n<div class=\"titelzeile\">\n<h1>Whisky, Weine &amp; andere Spirituosen<\/h1>\n<\/div>\n<div class='one_half'>\n\t\t\t\t\t<div class='tabs-left et_sliderfx_fade et_sliderauto_false et_sliderauto_speed_5000 et_slidertype_left_tabs clearfix'>\n\t\t\t\t<div class='et_left_tabs_bg'><\/div>\n\t\t\t\t<ul class='et-tabs-control'>\n\t\t\t<li><a href='#'>\n\t\t\t\u00d6ffnungszeiten\n\t\t<\/a><\/li>\n\t\t<li><a href='#'>\n\t\t\tPreisliste\n\t\t<\/a><\/li> \n\t\t<li><a href='#'>\n\t\t\tTastings\n\t\t<\/a><\/li> \n\t\t<li><a href='#'>\n\t\t\tWeinshop\n\t\t<\/a><\/li>\n\t\t<\/ul> <!-- .et-tabs-control --> \n\t\t<div class='et-tabs-content'>\n\t\t\t<div class='et-tabs-content-main-wrap'>\n\t\t\t\t<div class='et-tabs-content-wrapper'>\n\t\t\t\t\t<div class='et_slidecontent'>\n\t\t\t\u00d6ffnungszeiten Whisky-Shop<\/p>\n<p>Di-Sa 09:00-18:30 Uhr<\/p>\n<div class=\"uhsmall\"><strong>Da wir nicht immer vor Ort sein k\u00f6nnen, empfehlen wir vorher anzurufen 031 311 14 13 oder sich per Mail f\u00fcr Ihren Besuch anzumelden.<\/strong><\/div>\n<div><\/div>\n<div class=\"uhsmall\"><a href=\"mailto:info@urshauri.ch\">info@urshauri.ch <\/a>\n\t\t<\/div><\/div>\n<div><\/div>\n\n\t\t<div class='et_slidecontent'>\n\t\t\t<a href=\"https:\/\/urshauri.ch\/wordpress\/wp-content\/uploads\/2026\/03\/Whiskypreisliste-Winter-2026-1.pdf\">Whiskypreisliste Winter 2026-1<\/a><\/p>\n<p><a href=\"https:\/\/urshauri.ch\/wordpress\/wp-content\/uploads\/2026\/03\/Preisliste-2026.pdf\">Weinpreisliste 2026<\/a><\/p>\n<p>&#8211;\n\t\t<\/div>\n\n\t\t<div class='et_slidecontent'>\n\t\t\tTasting von Urs Hauri<\/p>\n<p><a title=\"Whiskyclub\" href=\"https:\/\/urshauri.ch\/whiskyclub\/\">Zu den Whiskyclub Tastings<\/a><\/p>\n<p>Fr\u00fchlingsweine Tastings<\/p>\n<p><a href=\"https:\/\/youtube.com\/playlist?list=PLDlqI6zKAbtXee0beBBNP3V0btwJWt6j1\" target=\"_blank\" rel=\"noopener\">\u25b6 Zu den Videos<\/a><\/p>\n<p>Herbstweine Tastings<\/p>\n<p><a href=\"https:\/\/youtube.com\/playlist?list=PLDlqI6zKAbtUQrML2jjS-sEq-LjskcbGt\" target=\"_blank\" rel=\"noopener\">\u25b6 Zu den Videos<\/a><\/p>\n\t\t<\/div>\n<div class='one_half et_column_last'>\n\t\t\t\t\t\n\t\t\t\t<\/div><div class='clear'><\/div>\n\n\t\t<div class='et_slidecontent'>\n\t\t\t<img loading=\"lazy\" decoding=\"async\" class=\"alignnone wp-image-2662 size-full\" src=\"http:\/\/urshauri.ch\/la-table-bern\/wp-content\/uploads\/2022\/03\/urs-hauri-weine-herbst-unter-25-chf-2.png\" alt=\"\" width=\"587\" height=\"582\" \/><\/p>\n<h4 style=\"color: #9f2348; padding-bottom: 15px;\">Urs Hauris Lieblingsweine<\/h4>\n<p><a class=\"button-wine\" href=\"https:\/\/shop.urshauri.ch\/\" target=\"_blank\" rel=\"noopener\">Zum Weinshop<\/a>\n\t\t<\/div>\n\t\t\t\t<\/div>\n\t\t\t<\/div>\n\t\t<\/div>\n\t\t\t<\/div> <!-- .tabs-left -->\n\t\t\t\t<\/div>\n<div class='one_half et_column_last'>\n\t\t\t\t\t<div class=\"twcc\">\n<p>Bei uns finden sie \u00fcber 400 \u00a0ausgesuchte Whisky&#8217;s aus Schottland, Irland , USA und der Schweiz , sowie erlesene Rhums und anderen Spirituosen.<\/p>\n<p>Daneben bieten wir ein kleines aber sehr exklusives Sortiment an Weinen aus der Schweiz und Italien , welches laufend durch neu entdeckte Produkte erg\u00e4nzt wird. Unsere intensiven Kontakte zu den Produzenten erlauben es uns, Ihnen immer wieder echte Geheimtipps pr\u00e4sentieren zu k\u00f6nnen.<\/p>\n\t\t\t\t<\/div><div class='clear'><\/div>\n<\/div>\n","protected":false},"excerpt":{"rendered":"<p>Whisky, Weine &amp; andere Spirituosen<\/p>\n","protected":false},"author":1,"featured_media":0,"parent":0,"menu_order":2,"comment_status":"closed","ping_status":"open","template":"template-page-projects.php","meta":{"footnotes":""},"class_list":["post-21","page","type-page","status-publish","hentry"],"_links":{"self":[{"href":"https:\/\/urshauri.ch\/la-table-bern\/wp-json\/wp\/v2\/pages\/21","targetHints":{"allow":["GET"]}}],"collection":[{"href":"https:\/\/urshauri.ch\/la-table-bern\/wp-json\/wp\/v2\/pages"}],"about":[{"href":"https:\/\/urshauri.ch\/la-table-bern\/wp-json\/wp\/v2\/types\/page"}],"author":[{"embeddable":true,"href":"https:\/\/urshauri.ch\/la-table-bern\/wp-json\/wp\/v2\/users\/1"}],"replies":[{"embeddable":true,"href":"https:\/\/urshauri.ch\/la-table-bern\/wp-json\/wp\/v2\/comments?post=21"}],"version-history":[{"count":297,"href":"https:\/\/urshauri.ch\/la-table-bern\/wp-json\/wp\/v2\/pages\/21\/revisions"}],"predecessor-version":[{"id":3338,"href":"https:\/\/urshauri.ch\/la-table-bern\/wp-json\/wp\/v2\/pages\/21\/revisions\/3338"}],"wp:attachment":[{"href":"https:\/\/urshauri.ch\/la-table-bern\/wp-json\/wp\/v2\/media?parent=21"}],"curies":[{"name":"wp","href":"https:\/\/api.w.org\/{rel}","templated":true}]}}